{"id":51,"date":"2022-06-14T12:21:14","date_gmt":"2022-06-14T10:21:14","guid":{"rendered":"http:\/\/www.begegnungsraum-osttirol.eu\/?page_id=51"},"modified":"2026-02-25T21:14:38","modified_gmt":"2026-02-25T20:14:38","slug":"um-was-es-geht","status":"publish","type":"page","link":"https:\/\/www.begegnungsraum-osttirol.eu\/?page_id=51","title":{"rendered":"Worum es geht"},"content":{"rendered":"\t\t<div data-elementor-type=\"wp-page\" data-elementor-id=\"51\" class=\"elementor elementor-51\">\n\t\t\t\t\t\t\t\t\t<section class=\"elementor-section elementor-top-section elementor-element elementor-element-689d97e elementor-section-boxed elementor-section-height-default elementor-section-height-default\" data-id=\"689d97e\" data-element_type=\"section\">\n\t\t\t\t\t\t<div class=\"elementor-container elementor-column-gap-default\">\n\t\t\t\t\t<div class=\"elementor-column elementor-col-100 elementor-top-column elementor-element elementor-element-b89e6c1\" data-id=\"b89e6c1\" data-element_type=\"column\">\n\t\t\t<div class=\"elementor-widget-wrap elementor-element-populated\">\n\t\t\t\t\t\t\t\t<div class=\"elementor-element elementor-element-0a79f16 elementor-widget elementor-widget-image\" data-id=\"0a79f16\" data-element_type=\"widget\" data-widget_type=\"image.default\">\n\t\t\t\t<div class=\"elementor-widget-container\">\n\t\t\t<style>\/*! elementor - v3.6.7 - 03-07-2022 *\/\n.elementor-widget-image{text-align:center}.elementor-widget-image a{display:inline-block}.elementor-widget-image a img[src$=\".svg\"]{width:48px}.elementor-widget-image img{vertical-align:middle;display:inline-block}<\/style>\t\t\t\t\t\t\t\t\t\t\t\t<img loading=\"lazy\" decoding=\"async\" width=\"580\" height=\"580\" src=\"https:\/\/www.begegnungsraum-osttirol.eu\/wp-content\/uploads\/2025\/01\/20220624-DSCF0274-COLLAGE-1024x1024.jpg\" class=\"attachment-large size-large\" alt=\"\" srcset=\"https:\/\/www.begegnungsraum-osttirol.eu\/wp-content\/uploads\/2025\/01\/20220624-DSCF0274-COLLAGE-1024x1024.jpg 1024w, https:\/\/www.begegnungsraum-osttirol.eu\/wp-content\/uploads\/2025\/01\/20220624-DSCF0274-COLLAGE-300x300.jpg 300w, https:\/\/www.begegnungsraum-osttirol.eu\/wp-content\/uploads\/2025\/01\/20220624-DSCF0274-COLLAGE-150x150.jpg 150w, https:\/\/www.begegnungsraum-osttirol.eu\/wp-content\/uploads\/2025\/01\/20220624-DSCF0274-COLLAGE-768x768.jpg 768w, https:\/\/www.begegnungsraum-osttirol.eu\/wp-content\/uploads\/2025\/01\/20220624-DSCF0274-COLLAGE-1536x1536.jpg 1536w, https:\/\/www.begegnungsraum-osttirol.eu\/wp-content\/uploads\/2025\/01\/20220624-DSCF0274-COLLAGE-1200x1200.jpg 1200w, https:\/\/www.begegnungsraum-osttirol.eu\/wp-content\/uploads\/2025\/01\/20220624-DSCF0274-COLLAGE-1980x1980.jpg 1980w, https:\/\/www.begegnungsraum-osttirol.eu\/wp-content\/uploads\/2025\/01\/20220624-DSCF0274-COLLAGE.jpg 2047w\" sizes=\"auto, (max-width: 580px) 100vw, 580px\" \/>\t\t\t\t\t\t\t\t\t\t\t\t\t\t\t<\/div>\n\t\t\t\t<\/div>\n\t\t\t\t\t<\/div>\n\t\t<\/div>\n\t\t\t\t\t\t\t<\/div>\n\t\t<\/section>\n\t\t\t\t<section class=\"elementor-section elementor-top-section elementor-element elementor-element-ac30527 elementor-section-boxed elementor-section-height-default elementor-section-height-default\" data-id=\"ac30527\" data-element_type=\"section\">\n\t\t\t\t\t\t<div class=\"elementor-container elementor-column-gap-default\">\n\t\t\t\t\t<div class=\"elementor-column elementor-col-100 elementor-top-column elementor-element elementor-element-0173959\" data-id=\"0173959\" data-element_type=\"column\">\n\t\t\t<div class=\"elementor-widget-wrap elementor-element-populated\">\n\t\t\t\t\t\t\t\t<div class=\"elementor-element elementor-element-3e44725 elementor-widget elementor-widget-text-editor\" data-id=\"3e44725\" data-element_type=\"widget\" data-widget_type=\"text-editor.default\">\n\t\t\t\t<div class=\"elementor-widget-container\">\n\t\t\t<style>\/*! elementor - v3.6.7 - 03-07-2022 *\/\n.elementor-widget-text-editor.elementor-drop-cap-view-stacked .elementor-drop-cap{background-color:#818a91;color:#fff}.elementor-widget-text-editor.elementor-drop-cap-view-framed .elementor-drop-cap{color:#818a91;border:3px solid;background-color:transparent}.elementor-widget-text-editor:not(.elementor-drop-cap-view-default) .elementor-drop-cap{margin-top:8px}.elementor-widget-text-editor:not(.elementor-drop-cap-view-default) .elementor-drop-cap-letter{width:1em;height:1em}.elementor-widget-text-editor .elementor-drop-cap{float:left;text-align:center;line-height:1;font-size:50px}.elementor-widget-text-editor .elementor-drop-cap-letter{display:inline-block}<\/style>\t\t\t\t<p><span style=\"color: var( --e-global-color-text ); font-family: var( --e-global-typography-text-font-family ), Sans-serif; font-size: inherit; font-weight: var( --e-global-typography-text-font-weight ); text-align: inherit;\">Das Ziel von Begegnungsraum Osttirol: W<\/span><span style=\"color: var( --e-global-color-text ); font-family: var( --e-global-typography-text-font-family ), Sans-serif; font-size: inherit; font-weight: var( --e-global-typography-text-font-weight ); text-align: inherit;\">ir m\u00f6chten mit unseren Ideen aktiv f\u00fcr unsere Gemeinschaft arbeiten, die Menschen in Osttirol zu einem aktiven Lebensstil in Bezug auf ihre Interessen inspirieren und ihnen Erasmus+ und den Europ\u00e4ischen<\/span><span style=\"color: var( --e-global-color-text ); font-family: var( --e-global-typography-text-font-family ), Sans-serif; font-size: inherit; font-weight: var( --e-global-typography-text-font-weight ); text-align: inherit;\">\u00a0Solidarit\u00e4tskorps n\u00e4her bringen.\u00a0<\/span><span style=\"color: var( --e-global-color-text ); font-family: var( --e-global-typography-text-font-family ), Sans-serif; font-size: inherit; font-weight: var( --e-global-typography-text-font-weight ); text-align: inherit;\">Wir m\u00f6chten zeigen, dass es die M\u00f6glichkeit gibt, die Gesellschaft mitzugestalten. Die Europ\u00e4ische Union scheint oft weit entfernt und als schwer greifbares Konzept, wir k\u00f6nnen uns aber als B\u00fcrgerInnen darin engagieren und somit das Leben in Europa, in unserem Land und unserer Region mitgestalten. Interesse? Dann schau gerne mal vorbei!<\/span><\/p>\t\t\t\t\t\t<\/div>\n\t\t\t\t<\/div>\n\t\t\t\t\t<\/div>\n\t\t<\/div>\n\t\t\t\t\t\t\t<\/div>\n\t\t<\/section>\n\t\t\t\t<section class=\"elementor-section elementor-top-section elementor-element elementor-element-3fee222 elementor-section-boxed elementor-section-height-default elementor-section-height-default\" data-id=\"3fee222\" data-element_type=\"section\">\n\t\t\t\t\t\t<div class=\"elementor-container elementor-column-gap-default\">\n\t\t\t\t\t<div class=\"elementor-column elementor-col-50 elementor-top-column elementor-element elementor-element-99d1591\" data-id=\"99d1591\" data-element_type=\"column\">\n\t\t\t<div class=\"elementor-widget-wrap elementor-element-populated\">\n\t\t\t\t\t\t\t\t<div class=\"elementor-element elementor-element-5b7e65f elementor-widget elementor-widget-text-editor\" data-id=\"5b7e65f\" data-element_type=\"widget\" data-widget_type=\"text-editor.default\">\n\t\t\t\t<div class=\"elementor-widget-container\">\n\t\t\t\t\t\t\t<p>Finde uns auf Instagram<\/p>\t\t\t\t\t\t<\/div>\n\t\t\t\t<\/div>\n\t\t\t\t\t<\/div>\n\t\t<\/div>\n\t\t\t\t<div class=\"elementor-column elementor-col-50 elementor-top-column elementor-element elementor-element-7511116\" data-id=\"7511116\" data-element_type=\"column\">\n\t\t\t<div class=\"elementor-widget-wrap elementor-element-populated\">\n\t\t\t\t\t\t\t\t<div class=\"elementor-element elementor-element-9899ef6 elementor-shape-rounded elementor-grid-0 e-grid-align-center elementor-widget elementor-widget-social-icons\" data-id=\"9899ef6\" data-element_type=\"widget\" data-widget_type=\"social-icons.default\">\n\t\t\t\t<div class=\"elementor-widget-container\">\n\t\t\t<style>\/*! elementor - v3.6.7 - 03-07-2022 *\/\n.elementor-widget-social-icons.elementor-grid-0 .elementor-widget-container,.elementor-widget-social-icons.elementor-grid-mobile-0 .elementor-widget-container,.elementor-widget-social-icons.elementor-grid-tablet-0 .elementor-widget-container{line-height:1;font-size:0}.elementor-widget-social-icons:not(.elementor-grid-0):not(.elementor-grid-tablet-0):not(.elementor-grid-mobile-0) .elementor-grid{display:inline-grid}.elementor-widget-social-icons .elementor-grid{grid-column-gap:var(--grid-column-gap,5px);grid-row-gap:var(--grid-row-gap,5px);grid-template-columns:var(--grid-template-columns);-webkit-box-pack:var(--justify-content,center);-ms-flex-pack:var(--justify-content,center);justify-content:var(--justify-content,center);justify-items:var(--justify-content,center)}.elementor-icon.elementor-social-icon{font-size:var(--icon-size,25px);line-height:var(--icon-size,25px);width:calc(var(--icon-size, 25px) + (2 * var(--icon-padding, .5em)));height:calc(var(--icon-size, 25px) + (2 * var(--icon-padding, .5em)))}.elementor-social-icon{--e-social-icon-icon-color:#fff;display:-webkit-inline-box;display:-ms-inline-flexbox;display:inline-flex;background-color:#818a91;-webkit-box-align:center;-ms-flex-align:center;align-items:center;-webkit-box-pack:center;-ms-flex-pack:center;justify-content:center;text-align:center;cursor:pointer}.elementor-social-icon i{color:var(--e-social-icon-icon-color)}.elementor-social-icon svg{fill:var(--e-social-icon-icon-color)}.elementor-social-icon:last-child{margin:0}.elementor-social-icon:hover{opacity:.9;color:#fff}.elementor-social-icon-android{background-color:#a4c639}.elementor-social-icon-apple{background-color:#999}.elementor-social-icon-behance{background-color:#1769ff}.elementor-social-icon-bitbucket{background-color:#205081}.elementor-social-icon-codepen{background-color:#000}.elementor-social-icon-delicious{background-color:#39f}.elementor-social-icon-deviantart{background-color:#05cc47}.elementor-social-icon-digg{background-color:#005be2}.elementor-social-icon-dribbble{background-color:#ea4c89}.elementor-social-icon-elementor{background-color:#d30c5c}.elementor-social-icon-envelope{background-color:#ea4335}.elementor-social-icon-facebook,.elementor-social-icon-facebook-f{background-color:#3b5998}.elementor-social-icon-flickr{background-color:#0063dc}.elementor-social-icon-foursquare{background-color:#2d5be3}.elementor-social-icon-free-code-camp,.elementor-social-icon-freecodecamp{background-color:#006400}.elementor-social-icon-github{background-color:#333}.elementor-social-icon-gitlab{background-color:#e24329}.elementor-social-icon-globe{background-color:#818a91}.elementor-social-icon-google-plus,.elementor-social-icon-google-plus-g{background-color:#dd4b39}.elementor-social-icon-houzz{background-color:#7ac142}.elementor-social-icon-instagram{background-color:#262626}.elementor-social-icon-jsfiddle{background-color:#487aa2}.elementor-social-icon-link{background-color:#818a91}.elementor-social-icon-linkedin,.elementor-social-icon-linkedin-in{background-color:#0077b5}.elementor-social-icon-medium{background-color:#00ab6b}.elementor-social-icon-meetup{background-color:#ec1c40}.elementor-social-icon-mixcloud{background-color:#273a4b}.elementor-social-icon-odnoklassniki{background-color:#f4731c}.elementor-social-icon-pinterest{background-color:#bd081c}.elementor-social-icon-product-hunt{background-color:#da552f}.elementor-social-icon-reddit{background-color:#ff4500}.elementor-social-icon-rss{background-color:#f26522}.elementor-social-icon-shopping-cart{background-color:#4caf50}.elementor-social-icon-skype{background-color:#00aff0}.elementor-social-icon-slideshare{background-color:#0077b5}.elementor-social-icon-snapchat{background-color:#fffc00}.elementor-social-icon-soundcloud{background-color:#f80}.elementor-social-icon-spotify{background-color:#2ebd59}.elementor-social-icon-stack-overflow{background-color:#fe7a15}.elementor-social-icon-steam{background-color:#00adee}.elementor-social-icon-stumbleupon{background-color:#eb4924}.elementor-social-icon-telegram{background-color:#2ca5e0}.elementor-social-icon-thumb-tack{background-color:#1aa1d8}.elementor-social-icon-tripadvisor{background-color:#589442}.elementor-social-icon-tumblr{background-color:#35465c}.elementor-social-icon-twitch{background-color:#6441a5}.elementor-social-icon-twitter{background-color:#1da1f2}.elementor-social-icon-viber{background-color:#665cac}.elementor-social-icon-vimeo{background-color:#1ab7ea}.elementor-social-icon-vk{background-color:#45668e}.elementor-social-icon-weibo{background-color:#dd2430}.elementor-social-icon-weixin{background-color:#31a918}.elementor-social-icon-whatsapp{background-color:#25d366}.elementor-social-icon-wordpress{background-color:#21759b}.elementor-social-icon-xing{background-color:#026466}.elementor-social-icon-yelp{background-color:#af0606}.elementor-social-icon-youtube{background-color:#cd201f}.elementor-social-icon-500px{background-color:#0099e5}.elementor-shape-rounded .elementor-icon.elementor-social-icon{border-radius:10%}.elementor-shape-circle .elementor-icon.elementor-social-icon{border-radius:50%}<\/style>\t\t<div class=\"elementor-social-icons-wrapper elementor-grid\">\n\t\t\t\t\t\t\t<span class=\"elementor-grid-item\">\n\t\t\t\t\t<a class=\"elementor-icon elementor-social-icon elementor-social-icon-instagram elementor-repeater-item-bb8cdba\" href=\"https:\/\/www.instagram.com\/begegnungsraum_osttirol\/\" target=\"_blank\">\n\t\t\t\t\t\t<span class=\"elementor-screen-only\">Instagram<\/span>\n\t\t\t\t\t\t<i class=\"fab fa-instagram\"><\/i>\t\t\t\t\t<\/a>\n\t\t\t\t<\/span>\n\t\t\t\t\t<\/div>\n\t\t\t\t<\/div>\n\t\t\t\t<\/div>\n\t\t\t\t\t<\/div>\n\t\t<\/div>\n\t\t\t\t\t\t\t<\/div>\n\t\t<\/section>\n\t\t\t\t<section class=\"elementor-section elementor-top-section elementor-element elementor-element-71094ca elementor-section-boxed elementor-section-height-default elementor-section-height-default\" data-id=\"71094ca\" data-element_type=\"section\">\n\t\t\t\t\t\t<div class=\"elementor-container elementor-column-gap-default\">\n\t\t\t\t\t<div class=\"elementor-column elementor-col-33 elementor-top-column elementor-element elementor-element-e76589f\" data-id=\"e76589f\" data-element_type=\"column\">\n\t\t\t<div class=\"elementor-widget-wrap elementor-element-populated\">\n\t\t\t\t\t\t\t\t<div class=\"elementor-element elementor-element-d284048 elementor-widget elementor-widget-image\" data-id=\"d284048\" data-element_type=\"widget\" data-widget_type=\"image.default\">\n\t\t\t\t<div class=\"elementor-widget-container\">\n\t\t\t\t\t\t\t\t\t\t\t\t\t\t\t<img loading=\"lazy\" decoding=\"async\" width=\"580\" height=\"122\" src=\"https:\/\/www.begegnungsraum-osttirol.eu\/wp-content\/uploads\/2022\/11\/EN-Funded-by-the-EU-POS-1024x215.png\" class=\"attachment-large size-large\" alt=\"\" srcset=\"https:\/\/www.begegnungsraum-osttirol.eu\/wp-content\/uploads\/2022\/11\/EN-Funded-by-the-EU-POS-1024x215.png 1024w, https:\/\/www.begegnungsraum-osttirol.eu\/wp-content\/uploads\/2022\/11\/EN-Funded-by-the-EU-POS-300x63.png 300w, https:\/\/www.begegnungsraum-osttirol.eu\/wp-content\/uploads\/2022\/11\/EN-Funded-by-the-EU-POS-768x161.png 768w, https:\/\/www.begegnungsraum-osttirol.eu\/wp-content\/uploads\/2022\/11\/EN-Funded-by-the-EU-POS-1536x322.png 1536w, https:\/\/www.begegnungsraum-osttirol.eu\/wp-content\/uploads\/2022\/11\/EN-Funded-by-the-EU-POS-2048x430.png 2048w, https:\/\/www.begegnungsraum-osttirol.eu\/wp-content\/uploads\/2022\/11\/EN-Funded-by-the-EU-POS-1200x252.png 1200w, https:\/\/www.begegnungsraum-osttirol.eu\/wp-content\/uploads\/2022\/11\/EN-Funded-by-the-EU-POS-1980x415.png 1980w\" sizes=\"auto, (max-width: 580px) 100vw, 580px\" \/>\t\t\t\t\t\t\t\t\t\t\t\t\t\t\t<\/div>\n\t\t\t\t<\/div>\n\t\t\t\t\t<\/div>\n\t\t<\/div>\n\t\t\t\t<div class=\"elementor-column elementor-col-33 elementor-top-column elementor-element elementor-element-32151c0\" data-id=\"32151c0\" data-element_type=\"column\">\n\t\t\t<div class=\"elementor-widget-wrap elementor-element-populated\">\n\t\t\t\t\t\t\t\t<div class=\"elementor-element elementor-element-b4d97aa elementor-widget elementor-widget-image\" data-id=\"b4d97aa\" data-element_type=\"widget\" data-widget_type=\"image.default\">\n\t\t\t\t<div class=\"elementor-widget-container\">\n\t\t\t\t\t\t\t\t\t\t\t\t\t\t\t\t<a href=\"https:\/\/youth.europa.eu\/solidarity_de\">\n\t\t\t\t\t\t\t<img loading=\"lazy\" decoding=\"async\" width=\"580\" height=\"278\" src=\"https:\/\/www.begegnungsraum-osttirol.eu\/wp-content\/uploads\/2022\/06\/european-solidarity-corps-de-1.png\" class=\"attachment-large size-large\" alt=\"\" srcset=\"https:\/\/www.begegnungsraum-osttirol.eu\/wp-content\/uploads\/2022\/06\/european-solidarity-corps-de-1.png 584w, https:\/\/www.begegnungsraum-osttirol.eu\/wp-content\/uploads\/2022\/06\/european-solidarity-corps-de-1-300x144.png 300w\" sizes=\"auto, (max-width: 580px) 100vw, 580px\" \/>\t\t\t\t\t\t\t\t<\/a>\n\t\t\t\t\t\t\t\t\t\t\t\t\t\t\t<\/div>\n\t\t\t\t<\/div>\n\t\t\t\t\t<\/div>\n\t\t<\/div>\n\t\t\t\t<div class=\"elementor-column elementor-col-33 elementor-top-column elementor-element elementor-element-b994287\" data-id=\"b994287\" data-element_type=\"column\">\n\t\t\t<div class=\"elementor-widget-wrap elementor-element-populated\">\n\t\t\t\t\t\t\t\t<div class=\"elementor-element elementor-element-8408d91 elementor-absolute elementor-widget__width-initial elementor-widget-mobile__width-initial elementor-widget elementor-widget-image\" data-id=\"8408d91\" data-element_type=\"widget\" data-settings=\"{&quot;_position&quot;:&quot;absolute&quot;}\" data-widget_type=\"image.default\">\n\t\t\t\t<div class=\"elementor-widget-container\">\n\t\t\t\t\t\t\t\t\t\t\t\t\t\t\t\t<a href=\"https:\/\/oead.at\/de\/\">\n\t\t\t\t\t\t\t<img loading=\"lazy\" decoding=\"async\" width=\"400\" height=\"400\" src=\"https:\/\/www.begegnungsraum-osttirol.eu\/wp-content\/uploads\/2022\/06\/csm_social-oead-square_f26a711509.png\" class=\"attachment-large size-large\" alt=\"\" srcset=\"https:\/\/www.begegnungsraum-osttirol.eu\/wp-content\/uploads\/2022\/06\/csm_social-oead-square_f26a711509.png 400w, https:\/\/www.begegnungsraum-osttirol.eu\/wp-content\/uploads\/2022\/06\/csm_social-oead-square_f26a711509-300x300.png 300w, https:\/\/www.begegnungsraum-osttirol.eu\/wp-content\/uploads\/2022\/06\/csm_social-oead-square_f26a711509-150x150.png 150w\" sizes=\"auto, (max-width: 400px) 100vw, 400px\" \/>\t\t\t\t\t\t\t\t<\/a>\n\t\t\t\t\t\t\t\t\t\t\t\t\t\t\t<\/div>\n\t\t\t\t<\/div>\n\t\t\t\t\t<\/div>\n\t\t<\/div>\n\t\t\t\t\t\t\t<\/div>\n\t\t<\/section>\n\t\t\t\t\t\t\t<\/div>\n\t\t","protected":false},"excerpt":{"rendered":"<p>Das Ziel von Begegnungsraum Osttirol: Wir m\u00f6chten mit unseren Ideen aktiv f\u00fcr unsere Gemeinschaft arbeiten, die Menschen in Osttirol zu einem aktiven Lebensstil in Bezug auf ihre Interessen inspirieren und ihnen Erasmus+ und den Europ\u00e4ischen\u00a0Solidarit\u00e4tskorps n\u00e4her bringen.\u00a0Wir m\u00f6chten zeigen, dass es die M\u00f6glichkeit gibt, die Gesellschaft mitzugestalten. Die Europ\u00e4ische Union scheint oft weit entfernt und [&hellip;]<\/p>\n","protected":false},"author":1,"featured_media":0,"parent":0,"menu_order":0,"comment_status":"closed","ping_status":"closed","template":"","meta":{"_monsterinsights_skip_tracking":false,"_monsterinsights_sitenote_active":false,"_monsterinsights_sitenote_note":"","_monsterinsights_sitenote_category":0,"footnotes":""},"class_list":["post-51","page","type-page","status-publish","hentry"],"_links":{"self":[{"href":"https:\/\/www.begegnungsraum-osttirol.eu\/index.php?rest_route=\/wp\/v2\/pages\/51","targetHints":{"allow":["GET"]}}],"collection":[{"href":"https:\/\/www.begegnungsraum-osttirol.eu\/index.php?rest_route=\/wp\/v2\/pages"}],"about":[{"href":"https:\/\/www.begegnungsraum-osttirol.eu\/index.php?rest_route=\/wp\/v2\/types\/page"}],"author":[{"embeddable":true,"href":"https:\/\/www.begegnungsraum-osttirol.eu\/index.php?rest_route=\/wp\/v2\/users\/1"}],"replies":[{"embeddable":true,"href":"https:\/\/www.begegnungsraum-osttirol.eu\/index.php?rest_route=%2Fwp%2Fv2%2Fcomments&post=51"}],"version-history":[{"count":456,"href":"https:\/\/www.begegnungsraum-osttirol.eu\/index.php?rest_route=\/wp\/v2\/pages\/51\/revisions"}],"predecessor-version":[{"id":2303,"href":"https:\/\/www.begegnungsraum-osttirol.eu\/index.php?rest_route=\/wp\/v2\/pages\/51\/revisions\/2303"}],"wp:attachment":[{"href":"https:\/\/www.begegnungsraum-osttirol.eu\/index.php?rest_route=%2Fwp%2Fv2%2Fmedia&parent=51"}],"curies":[{"name":"wp","href":"https:\/\/api.w.org\/{rel}","templated":true}]}}