{"id":1649,"date":"2025-09-06T19:08:30","date_gmt":"2025-09-06T17:08:30","guid":{"rendered":"https:\/\/www.begegnungsraum-osttirol.eu\/?page_id=1649"},"modified":"2025-09-30T19:39:18","modified_gmt":"2025-09-30T17:39:18","slug":"meet-more","status":"publish","type":"page","link":"https:\/\/www.begegnungsraum-osttirol.eu\/?page_id=1649","title":{"rendered":"Meet &amp; More"},"content":{"rendered":"\t\t<div data-elementor-type=\"wp-page\" data-elementor-id=\"1649\" class=\"elementor elementor-1649\">\n\t\t\t\t\t\t\t\t\t<section class=\"elementor-section elementor-top-section elementor-element elementor-element-976da3d elementor-section-boxed elementor-section-height-default elementor-section-height-default\" data-id=\"976da3d\" data-element_type=\"section\">\n\t\t\t\t\t\t<div class=\"elementor-container elementor-column-gap-default\">\n\t\t\t\t\t<div class=\"elementor-column elementor-col-100 elementor-top-column elementor-element elementor-element-da4b6be\" data-id=\"da4b6be\" data-element_type=\"column\">\n\t\t\t<div class=\"elementor-widget-wrap elementor-element-populated\">\n\t\t\t\t\t\t\t\t<div class=\"elementor-element elementor-element-bed2645 elementor-widget elementor-widget-text-editor\" data-id=\"bed2645\" data-element_type=\"widget\" data-widget_type=\"text-editor.default\">\n\t\t\t\t<div class=\"elementor-widget-container\">\n\t\t\t<style>\/*! elementor - v3.6.7 - 03-07-2022 *\/\n.elementor-widget-text-editor.elementor-drop-cap-view-stacked .elementor-drop-cap{background-color:#818a91;color:#fff}.elementor-widget-text-editor.elementor-drop-cap-view-framed .elementor-drop-cap{color:#818a91;border:3px solid;background-color:transparent}.elementor-widget-text-editor:not(.elementor-drop-cap-view-default) .elementor-drop-cap{margin-top:8px}.elementor-widget-text-editor:not(.elementor-drop-cap-view-default) .elementor-drop-cap-letter{width:1em;height:1em}.elementor-widget-text-editor .elementor-drop-cap{float:left;text-align:center;line-height:1;font-size:50px}.elementor-widget-text-editor .elementor-drop-cap-letter{display:inline-block}<\/style>\t\t\t\t<p><span style=\"font-weight: 400;\">Am 27.6.2025 luden wir Interessierte, Freunde, Projektpartner, vor allem aber Jugendliche und junge Erwachsene zur Vorstellung unseres Projekts ins Bildungshaus Osttirol. Gespannt lauschten die G\u00e4ste dem Vorhaben, bevor sie selbst kreativ wurden und unsere Schwerpunkte mit ihren Ideen erg\u00e4nzten.\u00a0<\/span><\/p><p><span style=\"font-weight: 400;\">Im Anschluss fand ein Sprachencaf\u00e8 statt. Deutsch, Englisch, Italienisch, Franz\u00f6sisch, Ukrainisch, Ungarisch, Farsi und T\u00fcrkisch wurde an acht Tischen gesprochen und spannende Einblicke in das jeweilige Land bzw. die jeweilige Region gewonnen. Abgerundet wurde das Sprachencaf\u00e8 mit der passenden kulinarischen Begleitung, die unsere Tischgastgebenden selbst mitgebracht hatten.<\/span><\/p><p>Nachfolgend ein Videobericht \u00fcber die Veranstaltung vom Osttiroler Boten &#8211; danke an Magdalena Pircher daf\u00fcr!<\/p>\t\t\t\t\t\t<\/div>\n\t\t\t\t<\/div>\n\t\t\t\t\t<\/div>\n\t\t<\/div>\n\t\t\t\t\t\t\t<\/div>\n\t\t<\/section>\n\t\t\t\t<section class=\"elementor-section elementor-top-section elementor-element elementor-element-ed6803c elementor-section-boxed elementor-section-height-default elementor-section-height-default\" data-id=\"ed6803c\" data-element_type=\"section\">\n\t\t\t\t\t\t<div class=\"elementor-container elementor-column-gap-default\">\n\t\t\t\t\t<div class=\"elementor-column elementor-col-100 elementor-top-column elementor-element elementor-element-3e1f912\" data-id=\"3e1f912\" data-element_type=\"column\">\n\t\t\t<div class=\"elementor-widget-wrap elementor-element-populated\">\n\t\t\t\t\t\t\t\t<div class=\"elementor-element elementor-element-4aa2232 elementor-aspect-ratio-169 elementor-widget elementor-widget-video\" data-id=\"4aa2232\" data-element_type=\"widget\" data-settings=\"{&quot;youtube_url&quot;:&quot;https:\\\/\\\/www.youtube.com\\\/watch?v=SmfWXb6howY&quot;,&quot;video_type&quot;:&quot;youtube&quot;,&quot;controls&quot;:&quot;yes&quot;,&quot;aspect_ratio&quot;:&quot;169&quot;}\" data-widget_type=\"video.default\">\n\t\t\t\t<div class=\"elementor-widget-container\">\n\t\t\t<style>\/*! elementor - v3.6.7 - 03-07-2022 *\/\n.elementor-widget-video .elementor-widget-container{overflow:hidden;-webkit-transform:translateZ(0);transform:translateZ(0)}.elementor-widget-video .elementor-open-inline .elementor-custom-embed-image-overlay{position:absolute;top:0;left:0;width:100%;height:100%;background-size:cover;background-position:50%}.elementor-widget-video .elementor-custom-embed-image-overlay{cursor:pointer;text-align:center}.elementor-widget-video .elementor-custom-embed-image-overlay:hover .elementor-custom-embed-play i{opacity:1}.elementor-widget-video .elementor-custom-embed-image-overlay img{display:block;width:100%}.elementor-widget-video .e-hosted-video .elementor-video{-o-object-fit:cover;object-fit:cover}<\/style>\t\t<div class=\"elementor-wrapper elementor-fit-aspect-ratio elementor-open-inline\">\n\t\t\t<div class=\"elementor-video\"><\/div>\t\t<\/div>\n\t\t\t\t<\/div>\n\t\t\t\t<\/div>\n\t\t\t\t\t<\/div>\n\t\t<\/div>\n\t\t\t\t\t\t\t<\/div>\n\t\t<\/section>\n\t\t\t\t<section class=\"elementor-section elementor-top-section elementor-element elementor-element-7f0f007 elementor-section-boxed elementor-section-height-default elementor-section-height-default\" data-id=\"7f0f007\" data-element_type=\"section\">\n\t\t\t\t\t\t<div class=\"elementor-container elementor-column-gap-default\">\n\t\t\t\t\t<div class=\"elementor-column elementor-col-100 elementor-top-column elementor-element elementor-element-fac312a\" data-id=\"fac312a\" data-element_type=\"column\">\n\t\t\t<div class=\"elementor-widget-wrap elementor-element-populated\">\n\t\t\t\t\t\t\t\t<div class=\"elementor-element elementor-element-5aab2fb elementor-widget elementor-widget-image-gallery\" data-id=\"5aab2fb\" data-element_type=\"widget\" data-widget_type=\"image-gallery.default\">\n\t\t\t\t<div class=\"elementor-widget-container\">\n\t\t\t<style>\/*! elementor - v3.6.7 - 03-07-2022 *\/\n.elementor-image-gallery .gallery-item{display:inline-block;text-align:center;vertical-align:top;width:100%;max-width:100%;margin:0 auto}.elementor-image-gallery .gallery-item img{margin:0 auto}.elementor-image-gallery .gallery-item .gallery-caption{margin:0}.elementor-image-gallery figure img{display:block}.elementor-image-gallery figure figcaption{width:100%}.gallery-spacing-custom .elementor-image-gallery .gallery-icon{padding:0}@media (min-width:768px){.elementor-image-gallery .gallery-columns-2 .gallery-item{max-width:50%}.elementor-image-gallery .gallery-columns-3 .gallery-item{max-width:33.33%}.elementor-image-gallery .gallery-columns-4 .gallery-item{max-width:25%}.elementor-image-gallery .gallery-columns-5 .gallery-item{max-width:20%}.elementor-image-gallery .gallery-columns-6 .gallery-item{max-width:16.666%}.elementor-image-gallery .gallery-columns-7 .gallery-item{max-width:14.28%}.elementor-image-gallery .gallery-columns-8 .gallery-item{max-width:12.5%}.elementor-image-gallery .gallery-columns-9 .gallery-item{max-width:11.11%}.elementor-image-gallery .gallery-columns-10 .gallery-item{max-width:10%}}@media (min-width:480px) and (max-width:767px){.elementor-image-gallery .gallery.gallery-columns-2 .gallery-item,.elementor-image-gallery .gallery.gallery-columns-3 .gallery-item,.elementor-image-gallery .gallery.gallery-columns-4 .gallery-item,.elementor-image-gallery .gallery.gallery-columns-5 .gallery-item,.elementor-image-gallery .gallery.gallery-columns-6 .gallery-item,.elementor-image-gallery .gallery.gallery-columns-7 .gallery-item,.elementor-image-gallery .gallery.gallery-columns-8 .gallery-item,.elementor-image-gallery .gallery.gallery-columns-9 .gallery-item,.elementor-image-gallery .gallery.gallery-columns-10 .gallery-item{max-width:50%}}@media (max-width:479px){.elementor-image-gallery .gallery.gallery-columns-2 .gallery-item,.elementor-image-gallery .gallery.gallery-columns-3 .gallery-item,.elementor-image-gallery .gallery.gallery-columns-4 .gallery-item,.elementor-image-gallery .gallery.gallery-columns-5 .gallery-item,.elementor-image-gallery .gallery.gallery-columns-6 .gallery-item,.elementor-image-gallery .gallery.gallery-columns-7 .gallery-item,.elementor-image-gallery .gallery.gallery-columns-8 .gallery-item,.elementor-image-gallery .gallery.gallery-columns-9 .gallery-item,.elementor-image-gallery .gallery.gallery-columns-10 .gallery-item{max-width:100%}}<\/style>\t\t<div class=\"elementor-image-gallery\">\n\t\t\t<div id='gallery-1' class='gallery galleryid-1649 gallery-columns-4 gallery-size-thumbnail'><figure class='gallery-item'>\n\t\t\t<div class='gallery-icon landscape'>\n\t\t\t\t<a data-elementor-open-lightbox=\"yes\" data-elementor-lightbox-slideshow=\"5aab2fb\" data-elementor-lightbox-title=\"Eine Teilnehmerin stellt zusammen mit anderen ihre Projektidee vor\" e-action-hash=\"#elementor-action%3Aaction%3Dlightbox%26settings%3DeyJpZCI6MTY3NCwidXJsIjoiaHR0cHM6XC9cL3d3dy5iZWdlZ251bmdzcmF1bS1vc3R0aXJvbC5ldVwvd3AtY29udGVudFwvdXBsb2Fkc1wvMjAyNVwvMDlcL0lNR181MjQ5LXNjYWxlZC5qcGciLCJzbGlkZXNob3ciOiI1YWFiMmZiIn0%3D\" href='https:\/\/www.begegnungsraum-osttirol.eu\/wp-content\/uploads\/2025\/09\/IMG_5249-scaled.jpg'><img loading=\"lazy\" decoding=\"async\" width=\"150\" height=\"150\" src=\"https:\/\/www.begegnungsraum-osttirol.eu\/wp-content\/uploads\/2025\/09\/IMG_5249-150x150.jpg\" class=\"attachment-thumbnail size-thumbnail\" alt=\"\" \/><\/a>\n\t\t\t<\/div><\/figure><figure class='gallery-item'>\n\t\t\t<div class='gallery-icon landscape'>\n\t\t\t\t<a data-elementor-open-lightbox=\"yes\" data-elementor-lightbox-slideshow=\"5aab2fb\" data-elementor-lightbox-title=\"Die G\u00e4ste unterhalten sich und verkosten Spezialit\u00e4ten\" e-action-hash=\"#elementor-action%3Aaction%3Dlightbox%26settings%3DeyJpZCI6MTY3MiwidXJsIjoiaHR0cHM6XC9cL3d3dy5iZWdlZ251bmdzcmF1bS1vc3R0aXJvbC5ldVwvd3AtY29udGVudFwvdXBsb2Fkc1wvMjAyNVwvMDlcLzEwMDAwOTMzMzItc2NhbGVkLmpwZyIsInNsaWRlc2hvdyI6IjVhYWIyZmIifQ%3D%3D\" href='https:\/\/www.begegnungsraum-osttirol.eu\/wp-content\/uploads\/2025\/09\/1000093332-scaled.jpg'><img loading=\"lazy\" decoding=\"async\" width=\"150\" height=\"150\" src=\"https:\/\/www.begegnungsraum-osttirol.eu\/wp-content\/uploads\/2025\/09\/1000093332-150x150.jpg\" class=\"attachment-thumbnail size-thumbnail\" alt=\"\" \/><\/a>\n\t\t\t<\/div><\/figure><figure class='gallery-item'>\n\t\t\t<div class='gallery-icon landscape'>\n\t\t\t\t<a data-elementor-open-lightbox=\"yes\" data-elementor-lightbox-slideshow=\"5aab2fb\" data-elementor-lightbox-title=\"Am Englischtisch gibt es eine gem\u00fctliche Tea Time\" e-action-hash=\"#elementor-action%3Aaction%3Dlightbox%26settings%3DeyJpZCI6MTY3MSwidXJsIjoiaHR0cHM6XC9cL3d3dy5iZWdlZ251bmdzcmF1bS1vc3R0aXJvbC5ldVwvd3AtY29udGVudFwvdXBsb2Fkc1wvMjAyNVwvMDlcLzEwMDAwOTMzMjYtc2NhbGVkLmpwZyIsInNsaWRlc2hvdyI6IjVhYWIyZmIifQ%3D%3D\" href='https:\/\/www.begegnungsraum-osttirol.eu\/wp-content\/uploads\/2025\/09\/1000093326-scaled.jpg'><img loading=\"lazy\" decoding=\"async\" width=\"150\" height=\"150\" src=\"https:\/\/www.begegnungsraum-osttirol.eu\/wp-content\/uploads\/2025\/09\/1000093326-150x150.jpg\" class=\"attachment-thumbnail size-thumbnail\" alt=\"\" \/><\/a>\n\t\t\t<\/div><\/figure><figure class='gallery-item'>\n\t\t\t<div class='gallery-icon portrait'>\n\t\t\t\t<a data-elementor-open-lightbox=\"yes\" data-elementor-lightbox-slideshow=\"5aab2fb\" data-elementor-lightbox-title=\"Am Ukrainischtisch wartet die Gastgeberin K\u00f6stlichkeiten auf\" e-action-hash=\"#elementor-action%3Aaction%3Dlightbox%26settings%3DeyJpZCI6MTY3NSwidXJsIjoiaHR0cHM6XC9cL3d3dy5iZWdlZ251bmdzcmF1bS1vc3R0aXJvbC5ldVwvd3AtY29udGVudFwvdXBsb2Fkc1wvMjAyNVwvMDlcL0lNR181MjYyLXNjYWxlZC5qcGciLCJzbGlkZXNob3ciOiI1YWFiMmZiIn0%3D\" href='https:\/\/www.begegnungsraum-osttirol.eu\/wp-content\/uploads\/2025\/09\/IMG_5262-scaled.jpg'><img loading=\"lazy\" decoding=\"async\" width=\"150\" height=\"150\" src=\"https:\/\/www.begegnungsraum-osttirol.eu\/wp-content\/uploads\/2025\/09\/IMG_5262-150x150.jpg\" class=\"attachment-thumbnail size-thumbnail\" alt=\"\" \/><\/a>\n\t\t\t<\/div><\/figure>\n\t\t<\/div>\n\t\t<\/div>\n\t\t\t\t<\/div>\n\t\t\t\t<\/div>\n\t\t\t\t\t<\/div>\n\t\t<\/div>\n\t\t\t\t\t\t\t<\/div>\n\t\t<\/section>\n\t\t\t\t<section class=\"elementor-section elementor-top-section elementor-element elementor-element-6ccef08 elementor-section-boxed elementor-section-height-default elementor-section-height-default\" data-id=\"6ccef08\" data-element_type=\"section\">\n\t\t\t\t\t\t<div class=\"elementor-container elementor-column-gap-default\">\n\t\t\t\t\t<div class=\"elementor-column elementor-col-100 elementor-top-column elementor-element elementor-element-79e710d\" data-id=\"79e710d\" data-element_type=\"column\">\n\t\t\t<div class=\"elementor-widget-wrap elementor-element-populated\">\n\t\t\t\t\t\t\t\t<div class=\"elementor-element elementor-element-53f6765 elementor-widget elementor-widget-image\" data-id=\"53f6765\" data-element_type=\"widget\" data-widget_type=\"image.default\">\n\t\t\t\t<div class=\"elementor-widget-container\">\n\t\t\t<style>\/*! elementor - v3.6.7 - 03-07-2022 *\/\n.elementor-widget-image{text-align:center}.elementor-widget-image a{display:inline-block}.elementor-widget-image a img[src$=\".svg\"]{width:48px}.elementor-widget-image img{vertical-align:middle;display:inline-block}<\/style>\t\t\t\t\t\t\t\t\t\t\t\t<img loading=\"lazy\" decoding=\"async\" width=\"580\" height=\"812\" src=\"https:\/\/www.begegnungsraum-osttirol.eu\/wp-content\/uploads\/2025\/06\/Screen-Shot-2025-06-03-at-11.01.33-AM.png\" class=\"attachment-large size-large\" alt=\"\" srcset=\"https:\/\/www.begegnungsraum-osttirol.eu\/wp-content\/uploads\/2025\/06\/Screen-Shot-2025-06-03-at-11.01.33-AM.png 1168w, https:\/\/www.begegnungsraum-osttirol.eu\/wp-content\/uploads\/2025\/06\/Screen-Shot-2025-06-03-at-11.01.33-AM-214x300.png 214w\" sizes=\"auto, (max-width: 580px) 100vw, 580px\" \/>\t\t\t\t\t\t\t\t\t\t\t\t\t\t\t<\/div>\n\t\t\t\t<\/div>\n\t\t\t\t\t<\/div>\n\t\t<\/div>\n\t\t\t\t\t\t\t<\/div>\n\t\t<\/section>\n\t\t\t\t\t\t\t<\/div>\n\t\t","protected":false},"excerpt":{"rendered":"<p>Am 27.6.2025 luden wir Interessierte, Freunde, Projektpartner, vor allem aber Jugendliche und junge Erwachsene zur Vorstellung unseres Projekts ins Bildungshaus Osttirol. Gespannt lauschten die G\u00e4ste dem Vorhaben, bevor sie selbst kreativ wurden und unsere Schwerpunkte mit ihren Ideen erg\u00e4nzten.\u00a0 Im Anschluss fand ein Sprachencaf\u00e8 statt. Deutsch, Englisch, Italienisch, Franz\u00f6sisch, Ukrainisch, Ungarisch, Farsi und T\u00fcrkisch wurde [&hellip;]<\/p>\n","protected":false},"author":1,"featured_media":0,"parent":0,"menu_order":0,"comment_status":"closed","ping_status":"closed","template":"","meta":{"_monsterinsights_skip_tracking":false,"_monsterinsights_sitenote_active":false,"_monsterinsights_sitenote_note":"","_monsterinsights_sitenote_category":0,"footnotes":""},"class_list":["post-1649","page","type-page","status-publish","hentry"],"_links":{"self":[{"href":"https:\/\/www.begegnungsraum-osttirol.eu\/index.php?rest_route=\/wp\/v2\/pages\/1649","targetHints":{"allow":["GET"]}}],"collection":[{"href":"https:\/\/www.begegnungsraum-osttirol.eu\/index.php?rest_route=\/wp\/v2\/pages"}],"about":[{"href":"https:\/\/www.begegnungsraum-osttirol.eu\/index.php?rest_route=\/wp\/v2\/types\/page"}],"author":[{"embeddable":true,"href":"https:\/\/www.begegnungsraum-osttirol.eu\/index.php?rest_route=\/wp\/v2\/users\/1"}],"replies":[{"embeddable":true,"href":"https:\/\/www.begegnungsraum-osttirol.eu\/index.php?rest_route=%2Fwp%2Fv2%2Fcomments&post=1649"}],"version-history":[{"count":25,"href":"https:\/\/www.begegnungsraum-osttirol.eu\/index.php?rest_route=\/wp\/v2\/pages\/1649\/revisions"}],"predecessor-version":[{"id":1933,"href":"https:\/\/www.begegnungsraum-osttirol.eu\/index.php?rest_route=\/wp\/v2\/pages\/1649\/revisions\/1933"}],"wp:attachment":[{"href":"https:\/\/www.begegnungsraum-osttirol.eu\/index.php?rest_route=%2Fwp%2Fv2%2Fmedia&parent=1649"}],"curies":[{"name":"wp","href":"https:\/\/api.w.org\/{rel}","templated":true}]}}