{"id":1204,"date":"2025-01-13T21:27:19","date_gmt":"2025-01-13T20:27:19","guid":{"rendered":"https:\/\/www.begegnungsraum-osttirol.eu\/?page_id=1204"},"modified":"2026-02-26T12:42:12","modified_gmt":"2026-02-26T11:42:12","slug":"beweggrund-kunterbunt","status":"publish","type":"page","link":"https:\/\/www.begegnungsraum-osttirol.eu\/?page_id=1204","title":{"rendered":"Beweggrund Kunterbunt"},"content":{"rendered":"\t\t<div data-elementor-type=\"wp-page\" data-elementor-id=\"1204\" class=\"elementor elementor-1204\">\n\t\t\t\t\t\t\t\t\t<section class=\"elementor-section elementor-top-section elementor-element elementor-element-d45cf38 elementor-section-boxed elementor-section-height-default elementor-section-height-default\" data-id=\"d45cf38\" data-element_type=\"section\">\n\t\t\t\t\t\t<div class=\"elementor-container elementor-column-gap-default\">\n\t\t\t\t\t<div class=\"elementor-column elementor-col-100 elementor-top-column elementor-element elementor-element-830e247\" data-id=\"830e247\" data-element_type=\"column\">\n\t\t\t<div class=\"elementor-widget-wrap elementor-element-populated\">\n\t\t\t\t\t\t\t\t<div class=\"elementor-element elementor-element-fab622e elementor-widget elementor-widget-image-gallery\" data-id=\"fab622e\" data-element_type=\"widget\" data-widget_type=\"image-gallery.default\">\n\t\t\t\t<div class=\"elementor-widget-container\">\n\t\t\t<style>\/*! elementor - v3.6.7 - 03-07-2022 *\/\n.elementor-image-gallery .gallery-item{display:inline-block;text-align:center;vertical-align:top;width:100%;max-width:100%;margin:0 auto}.elementor-image-gallery .gallery-item img{margin:0 auto}.elementor-image-gallery .gallery-item .gallery-caption{margin:0}.elementor-image-gallery figure img{display:block}.elementor-image-gallery figure figcaption{width:100%}.gallery-spacing-custom .elementor-image-gallery .gallery-icon{padding:0}@media (min-width:768px){.elementor-image-gallery .gallery-columns-2 .gallery-item{max-width:50%}.elementor-image-gallery .gallery-columns-3 .gallery-item{max-width:33.33%}.elementor-image-gallery .gallery-columns-4 .gallery-item{max-width:25%}.elementor-image-gallery .gallery-columns-5 .gallery-item{max-width:20%}.elementor-image-gallery .gallery-columns-6 .gallery-item{max-width:16.666%}.elementor-image-gallery .gallery-columns-7 .gallery-item{max-width:14.28%}.elementor-image-gallery .gallery-columns-8 .gallery-item{max-width:12.5%}.elementor-image-gallery .gallery-columns-9 .gallery-item{max-width:11.11%}.elementor-image-gallery .gallery-columns-10 .gallery-item{max-width:10%}}@media (min-width:480px) and (max-width:767px){.elementor-image-gallery .gallery.gallery-columns-2 .gallery-item,.elementor-image-gallery .gallery.gallery-columns-3 .gallery-item,.elementor-image-gallery .gallery.gallery-columns-4 .gallery-item,.elementor-image-gallery .gallery.gallery-columns-5 .gallery-item,.elementor-image-gallery .gallery.gallery-columns-6 .gallery-item,.elementor-image-gallery .gallery.gallery-columns-7 .gallery-item,.elementor-image-gallery .gallery.gallery-columns-8 .gallery-item,.elementor-image-gallery .gallery.gallery-columns-9 .gallery-item,.elementor-image-gallery .gallery.gallery-columns-10 .gallery-item{max-width:50%}}@media (max-width:479px){.elementor-image-gallery .gallery.gallery-columns-2 .gallery-item,.elementor-image-gallery .gallery.gallery-columns-3 .gallery-item,.elementor-image-gallery .gallery.gallery-columns-4 .gallery-item,.elementor-image-gallery .gallery.gallery-columns-5 .gallery-item,.elementor-image-gallery .gallery.gallery-columns-6 .gallery-item,.elementor-image-gallery .gallery.gallery-columns-7 .gallery-item,.elementor-image-gallery .gallery.gallery-columns-8 .gallery-item,.elementor-image-gallery .gallery.gallery-columns-9 .gallery-item,.elementor-image-gallery .gallery.gallery-columns-10 .gallery-item{max-width:100%}}<\/style>\t\t<div class=\"elementor-image-gallery\">\n\t\t\t<div id='gallery-1' class='gallery galleryid-1204 gallery-columns-2 gallery-size-thumbnail'><figure class='gallery-item'>\n\t\t\t<div class='gallery-icon landscape'>\n\t\t\t\t<a data-elementor-open-lightbox=\"yes\" data-elementor-lightbox-slideshow=\"fab622e\" e-action-hash=\"#elementor-action%3Aaction%3Dlightbox%26settings%3DeyJpZCI6MjI4MiwidXJsIjoiaHR0cHM6XC9cL3d3dy5iZWdlZ251bmdzcmF1bS1vc3R0aXJvbC5ldVwvd3AtY29udGVudFwvdXBsb2Fkc1wvMjAyNlwvMDJcL3NpZ25hbC0yMDI2LTAxLTE4LTEyLTMyLTU3LTg3MS0yLXNjYWxlZC5qcGciLCJzbGlkZXNob3ciOiJmYWI2MjJlIn0%3D\" href='https:\/\/www.begegnungsraum-osttirol.eu\/wp-content\/uploads\/2026\/02\/signal-2026-01-18-12-32-57-871-2-scaled.jpg'><img loading=\"lazy\" decoding=\"async\" width=\"150\" height=\"150\" src=\"https:\/\/www.begegnungsraum-osttirol.eu\/wp-content\/uploads\/2026\/02\/signal-2026-01-18-12-32-57-871-2-150x150.jpg\" class=\"attachment-thumbnail size-thumbnail\" alt=\"\" \/><\/a>\n\t\t\t<\/div><\/figure><figure class='gallery-item'>\n\t\t\t<div class='gallery-icon portrait'>\n\t\t\t\t<a data-elementor-open-lightbox=\"yes\" data-elementor-lightbox-slideshow=\"fab622e\" e-action-hash=\"#elementor-action%3Aaction%3Dlightbox%26settings%3DeyJpZCI6MjI4OCwidXJsIjoiaHR0cHM6XC9cL3d3dy5iZWdlZ251bmdzcmF1bS1vc3R0aXJvbC5ldVwvd3AtY29udGVudFwvdXBsb2Fkc1wvMjAyNlwvMDJcL2FsZnJlZC5wbmciLCJzbGlkZXNob3ciOiJmYWI2MjJlIn0%3D\" href='https:\/\/www.begegnungsraum-osttirol.eu\/wp-content\/uploads\/2026\/02\/alfred.png'><img loading=\"lazy\" decoding=\"async\" width=\"150\" height=\"150\" src=\"https:\/\/www.begegnungsraum-osttirol.eu\/wp-content\/uploads\/2026\/02\/alfred-150x150.png\" class=\"attachment-thumbnail size-thumbnail\" alt=\"\" \/><\/a>\n\t\t\t<\/div><\/figure>\n\t\t<\/div>\n\t\t<\/div>\n\t\t\t\t<\/div>\n\t\t\t\t<\/div>\n\t\t\t\t\t<\/div>\n\t\t<\/div>\n\t\t\t\t\t\t\t<\/div>\n\t\t<\/section>\n\t\t\t\t<section class=\"elementor-section elementor-top-section elementor-element elementor-element-dd4c8e6 elementor-section-boxed elementor-section-height-default elementor-section-height-default\" data-id=\"dd4c8e6\" data-element_type=\"section\">\n\t\t\t\t\t\t<div class=\"elementor-container elementor-column-gap-default\">\n\t\t\t\t\t<div class=\"elementor-column elementor-col-100 elementor-top-column elementor-element elementor-element-93c39a3\" data-id=\"93c39a3\" data-element_type=\"column\">\n\t\t\t<div class=\"elementor-widget-wrap elementor-element-populated\">\n\t\t\t\t\t\t\t\t<div class=\"elementor-element elementor-element-ef25295 elementor-widget elementor-widget-text-editor\" data-id=\"ef25295\" data-element_type=\"widget\" data-widget_type=\"text-editor.default\">\n\t\t\t\t<div class=\"elementor-widget-container\">\n\t\t\t<style>\/*! elementor - v3.6.7 - 03-07-2022 *\/\n.elementor-widget-text-editor.elementor-drop-cap-view-stacked .elementor-drop-cap{background-color:#818a91;color:#fff}.elementor-widget-text-editor.elementor-drop-cap-view-framed .elementor-drop-cap{color:#818a91;border:3px solid;background-color:transparent}.elementor-widget-text-editor:not(.elementor-drop-cap-view-default) .elementor-drop-cap{margin-top:8px}.elementor-widget-text-editor:not(.elementor-drop-cap-view-default) .elementor-drop-cap-letter{width:1em;height:1em}.elementor-widget-text-editor .elementor-drop-cap{float:left;text-align:center;line-height:1;font-size:50px}.elementor-widget-text-editor .elementor-drop-cap-letter{display:inline-block}<\/style>\t\t\t\t<p><em>Linkes Bild: v.l. Katharina Pichler, Anja Bla\u00dfnig, Andrea Schneeberger, Bettina Troyer, Lara Weitlaner; Rechtes Bild: Alfred Baumgartner<\/em><\/p>\t\t\t\t\t\t<\/div>\n\t\t\t\t<\/div>\n\t\t\t\t\t<\/div>\n\t\t<\/div>\n\t\t\t\t\t\t\t<\/div>\n\t\t<\/section>\n\t\t\t\t<section class=\"elementor-section elementor-top-section elementor-element elementor-element-c7655d2 elementor-section-boxed elementor-section-height-default elementor-section-height-default\" data-id=\"c7655d2\" data-element_type=\"section\">\n\t\t\t\t\t\t<div class=\"elementor-container elementor-column-gap-default\">\n\t\t\t\t\t<div class=\"elementor-column elementor-col-100 elementor-top-column elementor-element elementor-element-12894ba\" data-id=\"12894ba\" data-element_type=\"column\">\n\t\t\t<div class=\"elementor-widget-wrap elementor-element-populated\">\n\t\t\t\t\t\t\t\t<div class=\"elementor-element elementor-element-6b15d06 elementor-widget elementor-widget-text-editor\" data-id=\"6b15d06\" data-element_type=\"widget\" data-widget_type=\"text-editor.default\">\n\t\t\t\t<div class=\"elementor-widget-container\">\n\t\t\t\t\t\t\t<div class=\"flex-1 overflow-hidden @container\/thread\"><div class=\"h-full\"><div class=\"react-scroll-to-bottom--css-nkifk-79elbk h-full\"><div class=\"react-scroll-to-bottom--css-nkifk-1n7m0yu\"><div class=\"flex flex-col text-sm md:pb-9\"><article class=\"w-full scroll-mb-[var(--thread-trailing-height,150px)] text-token-text-primary focus-visible:outline-2 focus-visible:outline-offset-[-4px]\" dir=\"auto\" data-testid=\"conversation-turn-5\" data-scroll-anchor=\"true\"><div class=\"m-auto text-base py-[18px] px-3 md:px-4 w-full md:px-5 lg:px-4 xl:px-5\"><div class=\"mx-auto flex flex-1 gap-4 text-base md:gap-5 lg:gap-6 md:max-w-3xl\"><div class=\"group\/conversation-turn relative flex w-full min-w-0 flex-col agent-turn\"><div class=\"flex-col gap-1 md:gap-3\"><div class=\"flex max-w-full flex-col flex-grow\"><div class=\"min-h-8 text-message flex w-full flex-col items-end gap-2 whitespace-normal break-words text-start [.text-message+&amp;]:mt-5\" dir=\"auto\" data-message-author-role=\"assistant\" data-message-id=\"32de8e68-adc4-45a4-9f1c-7241f179b2cc\" data-message-model-slug=\"gpt-4o-mini\"><div class=\"flex w-full flex-col gap-1 empty:hidden first:pt-[3px]\"><div class=\"markdown prose w-full break-words dark:prose-invert dark\"><p>Der Verein \u201eBeweggrund Kunterbunt\u201c &#8211; kurz BeKu &#8211; wurde 2017 in Lienz gegr\u00fcndet, um kreative, artistische und sportliche Aktivit\u00e4ten zu f\u00f6rdern sowie einen Austausch in diesem Bereich im Bezirk Osttirol zu erm\u00f6glichen. Es finden immer wieder offene Trainings in Zirkus, Jonglage, Acroyoga, Ballsport und Clowntreffen statt wobei eine offene, herzliche Atmosph\u00e4re gelebt wird. Der Verein organisiert Zirkus- und Theaterworkshops, Ausfl\u00fcge und \u00f6ffentliche Auff\u00fchrungen.<\/p><p>2025 fusionierte die Projektgruppe \u201eBegegnungsraum Osttirol\u201c, entstanden aus dem gleichnamigen <a href=\"https:\/\/youth.europa.eu\/solidarity\/young-people\/solidarity-projects_de\">Europ\u00e4ischen Solidarit\u00e4tsprojekt<\/a>, mit dem Verein, um eine europ\u00e4ische Vision zu verfolgen. Mit Unterst\u00fctzung von Erasmus+ soll eine Plattform f\u00fcr Vernetzung, Engagement und Mitgestaltung entstehen.<\/p><p>\u201eBeweggrund Kunterbunt\u201c bietet einen inklusiven Raum, frei von Diskriminierung.<\/p><\/div><\/div><\/div><\/div><\/div><\/div><\/div><\/div><\/article><\/div><\/div><\/div><\/div><\/div>\t\t\t\t\t\t<\/div>\n\t\t\t\t<\/div>\n\t\t\t\t\t<\/div>\n\t\t<\/div>\n\t\t\t\t\t\t\t<\/div>\n\t\t<\/section>\n\t\t\t\t\t\t\t<\/div>\n\t\t","protected":false},"excerpt":{"rendered":"<p>Linkes Bild: v.l. Katharina Pichler, Anja Bla\u00dfnig, Andrea Schneeberger, Bettina Troyer, Lara Weitlaner; Rechtes Bild: Alfred Baumgartner Der Verein \u201eBeweggrund Kunterbunt\u201c &#8211; kurz BeKu &#8211; wurde 2017 in Lienz gegr\u00fcndet, um kreative, artistische und sportliche Aktivit\u00e4ten zu f\u00f6rdern sowie einen Austausch in diesem Bereich im Bezirk Osttirol zu erm\u00f6glichen. Es finden immer wieder offene Trainings [&hellip;]<\/p>\n","protected":false},"author":1,"featured_media":0,"parent":0,"menu_order":0,"comment_status":"closed","ping_status":"closed","template":"","meta":{"_monsterinsights_skip_tracking":false,"_monsterinsights_sitenote_active":false,"_monsterinsights_sitenote_note":"","_monsterinsights_sitenote_category":0,"footnotes":""},"class_list":["post-1204","page","type-page","status-publish","hentry"],"_links":{"self":[{"href":"https:\/\/www.begegnungsraum-osttirol.eu\/index.php?rest_route=\/wp\/v2\/pages\/1204","targetHints":{"allow":["GET"]}}],"collection":[{"href":"https:\/\/www.begegnungsraum-osttirol.eu\/index.php?rest_route=\/wp\/v2\/pages"}],"about":[{"href":"https:\/\/www.begegnungsraum-osttirol.eu\/index.php?rest_route=\/wp\/v2\/types\/page"}],"author":[{"embeddable":true,"href":"https:\/\/www.begegnungsraum-osttirol.eu\/index.php?rest_route=\/wp\/v2\/users\/1"}],"replies":[{"embeddable":true,"href":"https:\/\/www.begegnungsraum-osttirol.eu\/index.php?rest_route=%2Fwp%2Fv2%2Fcomments&post=1204"}],"version-history":[{"count":76,"href":"https:\/\/www.begegnungsraum-osttirol.eu\/index.php?rest_route=\/wp\/v2\/pages\/1204\/revisions"}],"predecessor-version":[{"id":2306,"href":"https:\/\/www.begegnungsraum-osttirol.eu\/index.php?rest_route=\/wp\/v2\/pages\/1204\/revisions\/2306"}],"wp:attachment":[{"href":"https:\/\/www.begegnungsraum-osttirol.eu\/index.php?rest_route=%2Fwp%2Fv2%2Fmedia&parent=1204"}],"curies":[{"name":"wp","href":"https:\/\/api.w.org\/{rel}","templated":true}]}}