{"id":1162,"date":"2025-01-13T19:53:03","date_gmt":"2025-01-13T18:53:03","guid":{"rendered":"https:\/\/www.begegnungsraum-osttirol.eu\/?page_id=1162"},"modified":"2025-10-26T10:01:01","modified_gmt":"2025-10-26T09:01:01","slug":"jugendpartizipation","status":"publish","type":"page","link":"https:\/\/www.begegnungsraum-osttirol.eu\/?page_id=1162","title":{"rendered":"Jugendpartizipation"},"content":{"rendered":"\t\t<div data-elementor-type=\"wp-page\" data-elementor-id=\"1162\" class=\"elementor elementor-1162\">\n\t\t\t\t\t\t\t\t\t<section class=\"elementor-section elementor-top-section elementor-element elementor-element-8843f21 elementor-section-boxed elementor-section-height-default elementor-section-height-default\" data-id=\"8843f21\" data-element_type=\"section\">\n\t\t\t\t\t\t<div class=\"elementor-container elementor-column-gap-default\">\n\t\t\t\t\t<div class=\"elementor-column elementor-col-100 elementor-top-column elementor-element elementor-element-a2d8dc3\" data-id=\"a2d8dc3\" data-element_type=\"column\">\n\t\t\t<div class=\"elementor-widget-wrap elementor-element-populated\">\n\t\t\t\t\t\t\t\t<div class=\"elementor-element elementor-element-0f5b059 elementor-widget elementor-widget-text-editor\" data-id=\"0f5b059\" data-element_type=\"widget\" data-widget_type=\"text-editor.default\">\n\t\t\t\t<div class=\"elementor-widget-container\">\n\t\t\t<style>\/*! elementor - v3.6.7 - 03-07-2022 *\/\n.elementor-widget-text-editor.elementor-drop-cap-view-stacked .elementor-drop-cap{background-color:#818a91;color:#fff}.elementor-widget-text-editor.elementor-drop-cap-view-framed .elementor-drop-cap{color:#818a91;border:3px solid;background-color:transparent}.elementor-widget-text-editor:not(.elementor-drop-cap-view-default) .elementor-drop-cap{margin-top:8px}.elementor-widget-text-editor:not(.elementor-drop-cap-view-default) .elementor-drop-cap-letter{width:1em;height:1em}.elementor-widget-text-editor .elementor-drop-cap{float:left;text-align:center;line-height:1;font-size:50px}.elementor-widget-text-editor .elementor-drop-cap-letter{display:inline-block}<\/style>\t\t\t\t<p><span style=\"font-weight: 400;\">Seit Juni 2025 f\u00fchren wir unser Projekt zur Partizipation f\u00fcr junge Menschen von 13 bis 30 Jahren durch. Wir sind noch auf Suche nach deinen Ideen! Sei dabei und bestimme mit, wie einzelne Veranstaltungen aussehen sollen. Wir freuen uns \u00fcber deine Teilnahme oder dem Einbringen deiner Vorstellungen. <\/span><b>Wenn wir dein Interesse geweckt haben, melde dich gerne unverbindlich unter:&nbsp;<\/b><b style=\"font-size: 2.1rem;\"><a href=\"mailto:begegnungsraumot@gmail.com\">begegnungsraumot@gmail.com<\/a><\/b><\/p>\n<p><span style=\"font-weight: 400;\">Hier ein kurzer Auszug aus dem Programm:<\/span><\/p>\n<ul>\n<li style=\"font-weight: 400;\" aria-level=\"1\"><a href=\"https:\/\/www.begegnungsraum-osttirol.eu\/?page_id=1649\"><span style=\"font-weight: 400;\">Sprachencaf\u00e8s<\/span><\/a><\/li>\n<li style=\"font-weight: 400;\" aria-level=\"1\"><a href=\"https:\/\/www.begegnungsraum-osttirol.eu\/?page_id=1653\"><span style=\"font-weight: 400;\">Kleidertausch<\/span><\/a><\/li>\n<li style=\"font-weight: 400;\" aria-level=\"1\"><a href=\"https:\/\/www.begegnungsraum-osttirol.eu\/?page_id=1653\"><span style=\"font-weight: 400;\">Kr\u00e4utertag<\/span><\/a><\/li>\n<li style=\"font-weight: 400;\" aria-level=\"1\"><a href=\"https:\/\/www.begegnungsraum-osttirol.eu\/?page_id=1653\"><span style=\"font-weight: 400;\">Radreisebericht<\/span><\/a><\/li>\n<li style=\"font-weight: 400;\" aria-level=\"1\"><span style=\"font-weight: 400;\">Musik-Workshops<\/span><\/li>\n<li style=\"font-weight: 400;\" aria-level=\"1\"><span style=\"font-weight: 400;\">Jam Session<\/span><\/li>\n<li style=\"font-weight: 400;\" aria-level=\"1\"><span style=\"font-weight: 400;\">Skulpturbau<\/span><\/li>\n<li style=\"font-weight: 400;\" aria-level=\"1\"><span style=\"font-weight: 400;\">Planspiel \u201cFremd sein\u201d<\/span><\/li>\n<li style=\"font-weight: 400;\" aria-level=\"1\"><span style=\"font-weight: 400;\">Schreibwerkstatt<\/span><\/li>\n<li style=\"font-weight: 400;\" aria-level=\"1\"><span style=\"font-weight: 400;\">Poetry Slam<\/span><\/li>\n<li style=\"font-weight: 400;\" aria-level=\"1\"><span style=\"font-weight: 400;\">Theaterworkshop<\/span><\/li>\n<li style=\"font-weight: 400;\" aria-level=\"1\"><span style=\"font-weight: 400;\">Kennenlerntag f\u00fcr Sportarten wie Artistik, Jonglerie, Spikeball, Kistenklettern, uvm.&nbsp;<\/span><\/li>\n<li style=\"font-weight: 400;\" aria-level=\"1\"><span style=\"font-weight: 400;\">Zirkusworkshop<\/span><\/li>\n<li style=\"font-weight: 400;\" aria-level=\"1\"><span style=\"font-weight: 400;\">Social Media<\/span><\/li>\n<li style=\"font-weight: 400;\" aria-level=\"1\"><span style=\"font-weight: 400;\">Mitgestaltung &#8211; Kennenlernen von F\u00f6rderm\u00f6glichkeiten f\u00fcr dein eigenes EU-Projekt<\/span><\/li>\n<\/ul>\n<p><span style=\"font-weight: 400;\">F\u00fcr die einzelnen Projekte w\u00e4hlen wir verschiedenste Formate wie Workshops, Vortr\u00e4ge und m\u00f6chten viel Raum f\u00fcr Austausch, Begegnung und Vernetzung geben. Dazu laden wir spannende Menschen ein, die sich bereits engagieren und arbeiten mit Vereinen aus der Region<\/span> <span style=\"font-weight: 400;\">zusammen.<\/span><\/p>\t\t\t\t\t\t<\/div>\n\t\t\t\t<\/div>\n\t\t\t\t\t<\/div>\n\t\t<\/div>\n\t\t\t\t\t\t\t<\/div>\n\t\t<\/section>\n\t\t\t\t<section class=\"elementor-section elementor-top-section elementor-element elementor-element-97b65e9 elementor-section-boxed elementor-section-height-default elementor-section-height-default\" data-id=\"97b65e9\" data-element_type=\"section\">\n\t\t\t\t\t\t<div class=\"elementor-container elementor-column-gap-default\">\n\t\t\t\t\t<div class=\"elementor-column elementor-col-33 elementor-top-column elementor-element elementor-element-4488717\" data-id=\"4488717\" data-element_type=\"column\">\n\t\t\t<div class=\"elementor-widget-wrap elementor-element-populated\">\n\t\t\t\t\t\t\t\t<div class=\"elementor-element elementor-element-b5fceac elementor-widget elementor-widget-image\" data-id=\"b5fceac\" data-element_type=\"widget\" data-widget_type=\"image.default\">\n\t\t\t\t<div class=\"elementor-widget-container\">\n\t\t\t<style>\/*! elementor - v3.6.7 - 03-07-2022 *\/\n.elementor-widget-image{text-align:center}.elementor-widget-image a{display:inline-block}.elementor-widget-image a img[src$=\".svg\"]{width:48px}.elementor-widget-image img{vertical-align:middle;display:inline-block}<\/style>\t\t\t\t\t\t\t\t\t\t\t\t<img loading=\"lazy\" decoding=\"async\" width=\"580\" height=\"122\" src=\"https:\/\/www.begegnungsraum-osttirol.eu\/wp-content\/uploads\/2022\/11\/EN-Funded-by-the-EU-POS-1024x215.png\" class=\"attachment-large size-large\" alt=\"\" srcset=\"https:\/\/www.begegnungsraum-osttirol.eu\/wp-content\/uploads\/2022\/11\/EN-Funded-by-the-EU-POS-1024x215.png 1024w, https:\/\/www.begegnungsraum-osttirol.eu\/wp-content\/uploads\/2022\/11\/EN-Funded-by-the-EU-POS-300x63.png 300w, https:\/\/www.begegnungsraum-osttirol.eu\/wp-content\/uploads\/2022\/11\/EN-Funded-by-the-EU-POS-768x161.png 768w, https:\/\/www.begegnungsraum-osttirol.eu\/wp-content\/uploads\/2022\/11\/EN-Funded-by-the-EU-POS-1536x322.png 1536w, https:\/\/www.begegnungsraum-osttirol.eu\/wp-content\/uploads\/2022\/11\/EN-Funded-by-the-EU-POS-2048x430.png 2048w, https:\/\/www.begegnungsraum-osttirol.eu\/wp-content\/uploads\/2022\/11\/EN-Funded-by-the-EU-POS-1200x252.png 1200w, https:\/\/www.begegnungsraum-osttirol.eu\/wp-content\/uploads\/2022\/11\/EN-Funded-by-the-EU-POS-1980x415.png 1980w\" sizes=\"auto, (max-width: 580px) 100vw, 580px\" \/>\t\t\t\t\t\t\t\t\t\t\t\t\t\t\t<\/div>\n\t\t\t\t<\/div>\n\t\t\t\t\t<\/div>\n\t\t<\/div>\n\t\t\t\t<div class=\"elementor-column elementor-col-33 elementor-top-column elementor-element elementor-element-4474776\" data-id=\"4474776\" data-element_type=\"column\">\n\t\t\t<div class=\"elementor-widget-wrap elementor-element-populated\">\n\t\t\t\t\t\t\t\t<div class=\"elementor-element elementor-element-1249cfc elementor-widget elementor-widget-image\" data-id=\"1249cfc\" data-element_type=\"widget\" data-widget_type=\"image.default\">\n\t\t\t\t<div class=\"elementor-widget-container\">\n\t\t\t\t\t\t\t\t\t\t\t\t\t\t\t\t<a href=\"https:\/\/youth.europa.eu\/solidarity_de\">\n\t\t\t\t\t\t\t<img loading=\"lazy\" decoding=\"async\" width=\"580\" height=\"278\" src=\"https:\/\/www.begegnungsraum-osttirol.eu\/wp-content\/uploads\/2022\/06\/european-solidarity-corps-de-1.png\" class=\"attachment-large size-large\" alt=\"\" srcset=\"https:\/\/www.begegnungsraum-osttirol.eu\/wp-content\/uploads\/2022\/06\/european-solidarity-corps-de-1.png 584w, https:\/\/www.begegnungsraum-osttirol.eu\/wp-content\/uploads\/2022\/06\/european-solidarity-corps-de-1-300x144.png 300w\" sizes=\"auto, (max-width: 580px) 100vw, 580px\" \/>\t\t\t\t\t\t\t\t<\/a>\n\t\t\t\t\t\t\t\t\t\t\t\t\t\t\t<\/div>\n\t\t\t\t<\/div>\n\t\t\t\t\t<\/div>\n\t\t<\/div>\n\t\t\t\t<div class=\"elementor-column elementor-col-33 elementor-top-column elementor-element elementor-element-f1a7394\" data-id=\"f1a7394\" data-element_type=\"column\">\n\t\t\t<div class=\"elementor-widget-wrap elementor-element-populated\">\n\t\t\t\t\t\t\t\t<div class=\"elementor-element elementor-element-83bcb0c elementor-absolute elementor-widget__width-initial elementor-widget-mobile__width-initial elementor-widget elementor-widget-image\" data-id=\"83bcb0c\" data-element_type=\"widget\" data-settings=\"{&quot;_position&quot;:&quot;absolute&quot;}\" data-widget_type=\"image.default\">\n\t\t\t\t<div class=\"elementor-widget-container\">\n\t\t\t\t\t\t\t\t\t\t\t\t\t\t\t\t<a href=\"https:\/\/oead.at\/de\/\">\n\t\t\t\t\t\t\t<img loading=\"lazy\" decoding=\"async\" width=\"400\" height=\"400\" src=\"https:\/\/www.begegnungsraum-osttirol.eu\/wp-content\/uploads\/2022\/06\/csm_social-oead-square_f26a711509.png\" class=\"attachment-large size-large\" alt=\"\" srcset=\"https:\/\/www.begegnungsraum-osttirol.eu\/wp-content\/uploads\/2022\/06\/csm_social-oead-square_f26a711509.png 400w, https:\/\/www.begegnungsraum-osttirol.eu\/wp-content\/uploads\/2022\/06\/csm_social-oead-square_f26a711509-300x300.png 300w, https:\/\/www.begegnungsraum-osttirol.eu\/wp-content\/uploads\/2022\/06\/csm_social-oead-square_f26a711509-150x150.png 150w\" sizes=\"auto, (max-width: 400px) 100vw, 400px\" \/>\t\t\t\t\t\t\t\t<\/a>\n\t\t\t\t\t\t\t\t\t\t\t\t\t\t\t<\/div>\n\t\t\t\t<\/div>\n\t\t\t\t\t<\/div>\n\t\t<\/div>\n\t\t\t\t\t\t\t<\/div>\n\t\t<\/section>\n\t\t\t\t\t\t\t<\/div>\n\t\t","protected":false},"excerpt":{"rendered":"<p>Seit Juni 2025 f\u00fchren wir unser Projekt zur Partizipation f\u00fcr junge Menschen von 13 bis 30 Jahren durch. Wir sind noch auf Suche nach deinen Ideen! Sei dabei und bestimme mit, wie einzelne Veranstaltungen aussehen sollen. Wir freuen uns \u00fcber deine Teilnahme oder dem Einbringen deiner Vorstellungen. Wenn wir dein Interesse geweckt haben, melde dich [&hellip;]<\/p>\n","protected":false},"author":1,"featured_media":0,"parent":0,"menu_order":0,"comment_status":"closed","ping_status":"closed","template":"","meta":{"_monsterinsights_skip_tracking":false,"_monsterinsights_sitenote_active":false,"_monsterinsights_sitenote_note":"","_monsterinsights_sitenote_category":0,"footnotes":""},"class_list":["post-1162","page","type-page","status-publish","hentry"],"_links":{"self":[{"href":"https:\/\/www.begegnungsraum-osttirol.eu\/index.php?rest_route=\/wp\/v2\/pages\/1162","targetHints":{"allow":["GET"]}}],"collection":[{"href":"https:\/\/www.begegnungsraum-osttirol.eu\/index.php?rest_route=\/wp\/v2\/pages"}],"about":[{"href":"https:\/\/www.begegnungsraum-osttirol.eu\/index.php?rest_route=\/wp\/v2\/types\/page"}],"author":[{"embeddable":true,"href":"https:\/\/www.begegnungsraum-osttirol.eu\/index.php?rest_route=\/wp\/v2\/users\/1"}],"replies":[{"embeddable":true,"href":"https:\/\/www.begegnungsraum-osttirol.eu\/index.php?rest_route=%2Fwp%2Fv2%2Fcomments&post=1162"}],"version-history":[{"count":88,"href":"https:\/\/www.begegnungsraum-osttirol.eu\/index.php?rest_route=\/wp\/v2\/pages\/1162\/revisions"}],"predecessor-version":[{"id":2029,"href":"https:\/\/www.begegnungsraum-osttirol.eu\/index.php?rest_route=\/wp\/v2\/pages\/1162\/revisions\/2029"}],"wp:attachment":[{"href":"https:\/\/www.begegnungsraum-osttirol.eu\/index.php?rest_route=%2Fwp%2Fv2%2Fmedia&parent=1162"}],"curies":[{"name":"wp","href":"https:\/\/api.w.org\/{rel}","templated":true}]}}